{"id":500,"date":"2024-12-01T14:13:04","date_gmt":"2024-12-01T14:13:04","guid":{"rendered":"https:\/\/gfic.icaa.pt\/?page_id=500"},"modified":"2025-09-30T20:59:39","modified_gmt":"2025-09-30T20:59:39","slug":"gfic-2025-comite-cientifico","status":"publish","type":"page","link":"https:\/\/gfic.icaa.pt\/en\/gfic-2025-comite-cientifico\/","title":{"rendered":"GFIC 2025 &#8211; Comit\u00e9 Cient\u00edfico"},"content":{"rendered":"<p>[et_pb_section fb_built=&#8221;1&#8243; admin_label=&#8221;Title&#8221; _builder_version=&#8221;4.23&#8243; _module_preset=&#8221;default&#8221; background_color=&#8221;gcid-c5e5cc09-5d4f-4c97-9d5b-5ce8359efee6&#8243; custom_margin=&#8221;0px||0px||false|false&#8221; custom_padding=&#8221;20px||20px||false|false&#8221; da_disable_devices=&#8221;off|off|off&#8221; global_colors_info=&#8221;{%22gcid-c5e5cc09-5d4f-4c97-9d5b-5ce8359efee6%22:%91%22background_color%22%93}&#8221; da_is_popup=&#8221;off&#8221; da_exit_intent=&#8221;off&#8221; da_has_close=&#8221;on&#8221; da_alt_close=&#8221;off&#8221; da_dark_close=&#8221;off&#8221; da_not_modal=&#8221;on&#8221; da_is_singular=&#8221;off&#8221; da_with_loader=&#8221;off&#8221; da_has_shadow=&#8221;on&#8221;][et_pb_row _builder_version=&#8221;4.27.4&#8243; _module_preset=&#8221;default&#8221; custom_margin=&#8221;0px||0px||false|false&#8221; custom_padding=&#8221;0px||0px||false|false&#8221; global_colors_info=&#8221;{}&#8221;][et_pb_column type=&#8221;4_4&#8243; _builder_version=&#8221;4.25.1&#8243; _module_preset=&#8221;default&#8221; global_colors_info=&#8221;{}&#8221;][et_pb_text _builder_version=&#8221;4.27.4&#8243; text_font=&#8221;Poppins|600|||||||&#8221; text_text_color=&#8221;#FFFFFF&#8221; text_font_size=&#8221;36px&#8221; text_line_height=&#8221;1.4em&#8221; header_font=&#8221;||||||||&#8221; header_3_font=&#8221;Poppins|600|||||||&#8221; header_3_text_color=&#8221;#44d89e&#8221; header_3_font_size=&#8221;36px&#8221; header_3_line_height=&#8221;1.4em&#8221; text_orientation=&#8221;center&#8221; global_colors_info=&#8221;{}&#8221;]Comit\u00e9 Cient\u00edfico[\/et_pb_text][\/et_pb_column][\/et_pb_row][\/et_pb_section][et_pb_section fb_built=&#8221;1&#8243; admin_label=&#8221;About Us&#8221; _builder_version=&#8221;4.27.4&#8243; background_enable_color=&#8221;off&#8221; custom_padding=&#8221;0px|0px|0px|0px|false|false&#8221; da_disable_devices=&#8221;off|off|off&#8221; global_colors_info=&#8221;{}&#8221; da_is_popup=&#8221;off&#8221; da_exit_intent=&#8221;off&#8221; da_has_close=&#8221;on&#8221; da_alt_close=&#8221;off&#8221; da_dark_close=&#8221;off&#8221; da_not_modal=&#8221;on&#8221; da_is_singular=&#8221;off&#8221; da_with_loader=&#8221;off&#8221; da_has_shadow=&#8221;on&#8221;][et_pb_row _builder_version=&#8221;4.27.4&#8243; _module_preset=&#8221;default&#8221; custom_margin=&#8221;||0px||false|false&#8221; custom_padding=&#8221;50px||0px||false|false&#8221; border_color_bottom=&#8221;gcid-primary-color&#8221; global_colors_info=&#8221;{%22gcid-primary-color%22:%91%22border_color_bottom%22%93}&#8221;][et_pb_column type=&#8221;4_4&#8243; _builder_version=&#8221;4.27.4&#8243; _module_preset=&#8221;default&#8221; global_colors_info=&#8221;{}&#8221;][et_pb_text _builder_version=&#8221;4.27.4&#8243; _module_preset=&#8221;default&#8221; custom_margin=&#8221;0px||0px||false|false&#8221; custom_padding=&#8221;0px||0px||false|false&#8221; global_colors_info=&#8221;{}&#8221;]<\/p>\n<table style=\"height: 20px; width: 96.0613%; border-collapse: collapse; border-style: none; margin-left: auto; margin-right: auto;\" border=\"0\">\n<tbody>\n<tr style=\"height: 10px;\">\n<td style=\"width: 42.4824%; height: 10px; text-align: center;\">\n<h4 style=\"text-align: center;\"><strong><\/strong><\/h4>\n<h4><strong>Presidente do Comit\u00e9 Cient\u00edfico<\/strong><\/h4>\n<p><strong><\/strong><\/p>\n<h4>Fernando Gauthier<\/h4>\n<p>Universidade Federal de Santa Catarina<br \/>(Brasil)<\/p>\n<\/td>\n<\/tr>\n<tr style=\"height: 10px;\">\n<td style=\"width: 42.4824%; text-align: center; height: 10px;\"><\/td>\n<\/tr>\n<\/tbody>\n<\/table>\n<p>&nbsp;<\/p>\n<p>[\/et_pb_text][\/et_pb_column][\/et_pb_row][et_pb_row _builder_version=&#8221;4.27.4&#8243; _module_preset=&#8221;default&#8221; custom_margin=&#8221;0px||0px||false|false&#8221; custom_padding=&#8221;0px||0px||false|false&#8221; border_color_bottom=&#8221;gcid-primary-color&#8221; global_colors_info=&#8221;{%22gcid-primary-color%22:%91%22border_color_bottom%22%93}&#8221;][et_pb_column type=&#8221;4_4&#8243; _builder_version=&#8221;4.27.4&#8243; _module_preset=&#8221;default&#8221; global_colors_info=&#8221;{}&#8221;][et_pb_text _builder_version=&#8221;4.27.4&#8243; _module_preset=&#8221;default&#8221; custom_margin=&#8221;0px||0px||false|false&#8221; custom_padding=&#8221;0px||0px||false|false&#8221; global_colors_info=&#8221;{}&#8221;]<\/p>\n<table style=\"height: 20px; width: 96.0613%; border-collapse: collapse; border-style: none; margin-left: auto; margin-right: auto;\" border=\"0\">\n<tbody>\n<tr style=\"height: 10px;\">\n<td style=\"width: 42.4824%; height: 10px; text-align: center;\">\n<h4><strong><\/strong><\/h4>\n<h4><strong><\/strong><\/h4>\n<h4><strong>General Chair | Meritorious Chair<\/strong><\/h4>\n<h4><\/h4>\n<h4>Florinda Matos<\/h4>\n<p>Iscte &#8211; Instituto Universit\u00e1rio de Lisboa<br \/>(Portugal)<\/p>\n<\/td>\n<td style=\"width: 38.913%; height: 10px; text-align: center;\">\n<h4><strong><\/strong><\/h4>\n<h4><strong><\/strong><\/h4>\n<h4><strong>Meritorious Chair<\/strong><\/h4>\n<h4><\/h4>\n<h4>Suliman Hawamdeh<\/h4>\n<p>University of North Texas<br \/>(Estados Unidos da Am\u00e9rica)<\/p>\n<\/td>\n<\/tr>\n<tr style=\"height: 10px;\">\n<td style=\"width: 42.4824%; height: 10px; text-align: center;\">\n<h4><strong><\/strong><\/h4>\n<h4><strong><\/strong><\/h4>\n<h4><strong>Meritorious Chair<\/strong><\/h4>\n<h4><\/h4>\n<h4>Paulo Mauricio Selig<\/h4>\n<p>Universidade Federal de Santa Catarina<br \/>(Brasil)<\/p>\n<\/td>\n<td style=\"width: 38.913%; height: 10px; text-align: center;\">\n<h4><strong><\/strong><\/h4>\n<h4><strong><\/strong><\/h4>\n<h4><strong>GFIC Conference Co-Chair<\/strong><\/h4>\n<h4><\/h4>\n<h4>Nuno Matos<\/h4>\n<p>ICAA \u2013 Associa\u00e7\u00e3o para a Gest\u00e3o do Capital Intelectual<br \/>(Portugal)<\/p>\n<\/td>\n<\/tr>\n<tr style=\"height: 10px;\">\n<td style=\"width: 42.4824%; height: 10px; text-align: center;\">\n<h4><strong><\/strong><\/h4>\n<p><strong><\/strong><\/p>\n<h4><strong>ICKM Conference Co-Chair<\/strong><\/h4>\n<h4><\/h4>\n<h4>Tereza Raquel Merlo<\/h4>\n<p>University of North Texas<br \/>(Estados Unidos da Am\u00e9rica)<\/p>\n<\/td>\n<td style=\"width: 38.913%; height: 10px; text-align: center;\">\n<h4><strong><\/strong><\/h4>\n<h4><strong><\/strong><\/h4>\n<h4><strong>CIKI Conference Co-Chair<\/strong><\/h4>\n<h4><\/h4>\n<h4>Patricia de S\u00e1 Freire<\/h4>\n<p>Universidade Federal de Santa Catarina<br \/>(Brasil)<\/p>\n<\/td>\n<\/tr>\n<tr style=\"height: 10px;\">\n<td style=\"width: 42.4824%; text-align: center; height: 10px;\"><\/td>\n<td style=\"width: 38.913%; text-align: center; height: 10px;\"><\/td>\n<\/tr>\n<\/tbody>\n<\/table>\n<p>&nbsp;<\/p>\n<p>[\/et_pb_text][\/et_pb_column][\/et_pb_row][et_pb_row _builder_version=&#8221;4.27.4&#8243; _module_preset=&#8221;default&#8221; custom_margin=&#8221;0px||0px||false|false&#8221; custom_padding=&#8221;0px||50px||false|false&#8221; border_color_bottom=&#8221;gcid-primary-color&#8221; global_colors_info=&#8221;{%22gcid-primary-color%22:%91%22border_color_bottom%22%93}&#8221;][et_pb_column type=&#8221;4_4&#8243; _builder_version=&#8221;4.27.4&#8243; _module_preset=&#8221;default&#8221; global_colors_info=&#8221;{}&#8221;][et_pb_text _builder_version=&#8221;4.27.4&#8243; _module_preset=&#8221;default&#8221; custom_margin=&#8221;0px||0px||false|false&#8221; custom_padding=&#8221;0px||0px||false|false&#8221; hover_enabled=&#8221;0&#8243; global_colors_info=&#8221;{}&#8221; sticky_enabled=&#8221;0&#8243;]<\/p>\n<table style=\"width: 100%; border-collapse: collapse; margin: 0 auto;\">\n<tbody>\n<tr>\n<td style=\"width: 33.33%; text-align: center;\">\n<h4>Alessandro Margherita<\/h4>\n<p>University of Salento<br \/>(It\u00e1lia)<\/p>\n<\/td>\n<td style=\"width: 33.33%; text-align: center;\">\n<h4>Alexandru Capatina<\/h4>\n<p>Dunarea de Jos University of Galati<br \/>(Rom\u00e9nia)<\/p>\n<\/td>\n<td style=\"width: 33.33%; text-align: center;\">\n<h4>Ana Claudia Donner Abreu<\/h4>\n<p>Universidade Federal de Santa Catarina<br \/>(Brasil)<\/p>\n<\/td>\n<\/tr>\n<tr>\n<td style=\"width: 33.33%; text-align: center;\">\n<h4>Angela Lara<\/h4>\n<p>Universidade Cesumar<br \/>(Brasil)<\/p>\n<\/td>\n<td style=\"width: 33.33%; text-align: center;\">\n<h4>Anne-Laure Mention<\/h4>\n<p>RMIT University<br \/>(Austr\u00e1lia)<\/p>\n<\/td>\n<td style=\"width: 33.33%; text-align: center;\">\n<h4>Anthony Wensley<\/h4>\n<p>University of Toronto Mississauga<br \/>(Canad\u00e1)<\/p>\n<\/td>\n<\/tr>\n<tr>\n<td style=\"width: 33.33%; text-align: center;\">\n<h4>Antonio Padovano<\/h4>\n<p>University of Calabria<br \/>(It\u00e1lia)<\/p>\n<\/td>\n<td style=\"width: 33.33%; text-align: center;\">\n<h4>Carlos Francisco Oliveira Nunes<\/h4>\n<p>Universidade Federal de Santa Catarina<br \/>(Brasil)<\/p>\n<\/td>\n<td style=\"width: 33.33%; text-align: center;\">\n<h4>Christian Stary<\/h4>\n<p>Johannes Kepler University Linz<br \/>(\u00c1ustria)<\/p>\n<\/td>\n<\/tr>\n<tr>\n<td style=\"width: 33.33%; text-align: center;\">\n<h4>Claudia Pocho<\/h4>\n<p>ICAA \u2013 Associa\u00e7\u00e3o para a Gest\u00e3o do Capital Intelectual<br \/>(Brasil)<\/p>\n<\/td>\n<td style=\"width: 33.33%; text-align: center;\">\n<h4>Claudia Vaj\u00e3o<\/h4>\n<p>Iscte &#8211; Instituto Universit\u00e1rio de Lisboa<br \/>(Portugal)<\/p>\n<\/td>\n<td style=\"width: 33.33%; text-align: center;\">\n<h4>Constantin Bratianu<\/h4>\n<p>Bucharest University of Economic Studies<br \/>(Rom\u00e9nia)<\/p>\n<\/td>\n<\/tr>\n<tr>\n<td style=\"width: 33.33%; text-align: center;\">\n<h4>Cristina Sousa<\/h4>\n<p>Iscte \u2013 Instituto Universit\u00e1rio de Lisboa<br \/>(Portugal)<\/p>\n<\/td>\n<td style=\"width: 33.33%; text-align: center;\">\n<h4>Daniel Alemneh<\/h4>\n<p>University of North Texas<br \/>(EUA)<\/p>\n<\/td>\n<td style=\"width: 33.33%; text-align: center;\">\n<h4>David Ferraz<\/h4>\n<p>Iscte &#8211; Instituto Universit\u00e1rio de Lisboa<br \/>(Portugal)<\/p>\n<\/td>\n<\/tr>\n<tr>\n<td style=\"width: 33.33%; text-align: center;\">\n<h4>Eduardo Giugliani<\/h4>\n<p>Pontif\u00edcia Universidade Cat\u00f3lica do Rio Grande do Sul<br \/>(Brasil)<\/p>\n<\/td>\n<td style=\"width: 33.33%; text-align: center;\">\n<h4>Eder Henriqson<\/h4>\n<p>Pontif\u00edcia Universidade Cat\u00f3lica do Rio Grande do Sul<br \/>(Brasil)<\/p>\n<\/td>\n<td style=\"width: 33.33%; text-align: center;\">\n<h4>Eunika Mercier-Laurent<\/h4>\n<p>University of Reims Champagne-Ardenne<br \/>(Fran\u00e7a)<\/p>\n<\/td>\n<\/tr>\n<tr>\n<td style=\"width: 33.33%; text-align: center;\">\n<h4>Eva Didion<\/h4>\n<p>Ansbach University of Applied Sciences<br \/>(Alemanha)<\/p>\n<\/td>\n<td style=\"width: 33.33%; text-align: center;\">\n<h4>Evaldo Costa<\/h4>\n<p>Iscte &#8211; Instituto Universit\u00e1rio de Lisboa<br \/>(Portugal)<\/p>\n<\/td>\n<td style=\"width: 33.33%; text-align: center;\">\n<h4>Fernando Schenatto<\/h4>\n<p>Universidade Tecnol\u00f3gica Federal do Paran\u00e1<br \/>(Brasil)<\/p>\n<\/td>\n<\/tr>\n<tr>\n<td style=\"width: 33.33%; text-align: center;\">\n<h4>Francesca Sgobbi<\/h4>\n<p>Universit\u00e0 degli Studi di Brescia<br \/>(It\u00e1lia)<\/p>\n<\/td>\n<td style=\"width: 33.33%; text-align: center;\">\n<h4>Francisca Castilla-Polo<\/h4>\n<p>Universidad de Ja\u00e9n<br \/>(Espanha)<\/p>\n<\/td>\n<td style=\"width: 33.33%; text-align: center;\">\n<h4>Francisco Fialho<\/h4>\n<p>Universidade Federal de Santa Catarina<br \/>(Brasil)<\/p>\n<\/td>\n<\/tr>\n<tr>\n<td style=\"width: 33.33%; text-align: center;\">\n<h4>Goran Roos<\/h4>\n<p>University of Adelaide<br \/>(Austr\u00e1lia)<\/p>\n<\/td>\n<td style=\"width: 33.33%; text-align: center;\">\n<h4>Graciele Tonial<\/h4>\n<p>Universidade do Oeste de Santa Catarina<br \/>(Brasil)<\/p>\n<\/td>\n<td style=\"width: 33.33%; text-align: center;\">\n<h4>Gregorio Varvakis<\/h4>\n<p>Universidade Federal de Santa Catarina<br \/>(Brasil)<\/p>\n<\/td>\n<\/tr>\n<tr>\n<td style=\"width: 33.33%; text-align: center;\">\n<h4>Hans-G\u00fcnter Lindner<\/h4>\n<p>TH K\u00f6ln &#8211; University of Applied Sciences<br \/>(Alemanha)<\/p>\n<\/td>\n<td style=\"width: 33.33%; text-align: center;\">\n<h4>Helio Ferenhof<\/h4>\n<p>Centro Universit\u00e1rio Cesusc<br \/>(Brasil)<\/p>\n<\/td>\n<td style=\"width: 33.33%; text-align: center;\">\n<h4>Inara Antunes Vieira Willerding<\/h4>\n<p>Universidade Federal de Santa Catarina<br \/>(Brasil)<\/p>\n<\/td>\n<\/tr>\n<tr>\n<td style=\"width: 33.33%; text-align: center;\">\n<h4>Isabela Fornari Muller<\/h4>\n<p>Universidade Federal de Santa Catarina<br \/>(Brasil)<\/p>\n<\/td>\n<td style=\"width: 33.33%; text-align: center;\">\n<h4>Jeff Allen<\/h4>\n<p>University of North Texas<br \/>(EUA)<\/p>\n<\/td>\n<td style=\"width: 33.33%; text-align: center;\">\n<h4>Joanna Paliszkiewicz<\/h4>\n<p>Warsaw University of Life Sciences<br \/>(Pol\u00f3nia)<\/p>\n<\/td>\n<\/tr>\n<tr>\n<td style=\"width: 33.33%; text-align: center;\">\n<h4>Jos\u00e9 Vale<\/h4>\n<p>Instituto Superior de Contabilidade e Administra\u00e7\u00e3o do Porto<br \/>(Portugal)<\/p>\n<\/td>\n<td style=\"width: 33.33%; text-align: center;\">\n<h4>Joyline Makani<\/h4>\n<p>Dalhousie University<br \/>(Canad\u00e1)<\/p>\n<\/td>\n<td style=\"width: 33.33%; text-align: center;\">\n<h4>Julie Bu Daher<\/h4>\n<p>Beirut Arab University<br \/>(L\u00edbano)<\/p>\n<\/td>\n<\/tr>\n<tr>\n<td style=\"width: 33.33%; text-align: center;\">\n<h4>Kimiz Dalkir<\/h4>\n<p>McGill University<br \/>(Canad\u00e1)<\/p>\n<\/td>\n<td style=\"width: 33.33%; text-align: center;\">\n<h4>Leif Edvinsson<\/h4>\n<p>The New Club of Paris<br \/>(Su\u00e9cia)<\/p>\n<\/td>\n<td style=\"width: 33.33%; text-align: center;\">\n<h4>Leticia Dal Forno<\/h4>\n<p>Universidade Cesumar<br \/>(Brasil)<\/p>\n<\/td>\n<\/tr>\n<tr>\n<td style=\"width: 33.33%; text-align: center;\">\n<h4>Lia Caetano Bastos<\/h4>\n<p>Universidade Federal de Santa Catarina<br \/>(Brasil)<\/p>\n<\/td>\n<td style=\"width: 33.33%; text-align: center;\">\n<h4>Lillian Alvares<\/h4>\n<p>Universidade de Bras\u00ed\u00adlia<br \/>(Brasil)<\/p>\n<\/td>\n<td style=\"width: 33.33%; text-align: center;\">\n<h4>Luciane Fadel<\/h4>\n<p>Universidade Federal de Santa Catarina<br \/>(Brasil)<\/p>\n<\/td>\n<\/tr>\n<tr>\n<td style=\"width: 33.33%; text-align: center;\">\n<h4>Manar Alsaid<\/h4>\n<p>East Texas A&amp;M University<br \/>(EUA)<\/p>\n<\/td>\n<td style=\"width: 33.33%; text-align: center;\">\n<h4>Marcelo Macedo<\/h4>\n<p>Universidade Federal de Santa Catarina<br \/>(Brasil)<\/p>\n<\/td>\n<td style=\"width: 33.33%; text-align: center;\">\n<h4>Maria Rosario Perello-Marin<\/h4>\n<p>Universitat Politecnica de Valencia<br \/>(Espanha)<\/p>\n<\/td>\n<\/tr>\n<tr>\n<td style=\"width: 33.33%; text-align: center;\">\n<h4>Maria Weir<\/h4>\n<p>ARICC<br \/>(Reino Unido)<\/p>\n<\/td>\n<td style=\"width: 33.33%; text-align: center;\">\n<h4>Maria do Ros\u00e1rio Cabrita<\/h4>\n<p>Universidade Nova de Lisboa<br \/>(Portugal)<\/p>\n<\/td>\n<td style=\"width: 33.33%; text-align: center;\">\n<h4>Maria-Isabel Sanchez-Segura<\/h4>\n<p>Universidad Carlos III de Madrid<br \/>(Espanha)<\/p>\n<\/td>\n<\/tr>\n<tr>\n<td style=\"width: 33.33%; text-align: center;\">\n<h4>Mariza Motta Queiroz<\/h4>\n<p>Iscte &#8211; Instituto Universit\u00e1rio de Lisboa<br \/>(Portugal)<\/p>\n<\/td>\n<td style=\"width: 33.33%; text-align: center;\">\n<h4>Marta Neves<\/h4>\n<p>Universidade Federal de Santa Catarina<br \/>(Brasil)<\/p>\n<\/td>\n<td style=\"width: 33.33%; text-align: center;\">\n<h4>M\u00edrian Oliveira<\/h4>\n<p>Pontif\u00edcia Universidade Cat\u00f3lica do Rio Grande do Sul<br \/>(Brasil)<\/p>\n<\/td>\n<\/tr>\n<tr>\n<td style=\"width: 33.33%; text-align: center;\">\n<h4>Nelson Ten\u00f3rio<\/h4>\n<p>Universidade Cesumar<br \/>(Brasil)<\/p>\n<\/td>\n<td style=\"width: 33.33%; text-align: center;\">\n<h4>Neri dos Santos<\/h4>\n<p>Universidade Federal de Santa Catarina<br \/>(Brasil)<\/p>\n<\/td>\n<td style=\"width: 33.33%; text-align: center;\">\n<h4>N\u00f3ra Obermayer<\/h4>\n<p>University of Pannonia<br \/>(Hungria)<\/p>\n<\/td>\n<\/tr>\n<tr>\n<td style=\"width: 33.33%; text-align: center;\">\n<h4>Paula Vicente<\/h4>\n<p>Iscte &#8211; Instituto Universit\u00e1rio de Lisboa<br \/>(Portugal)<\/p>\n<\/td>\n<td style=\"width: 33.33%; text-align: center;\">\n<h4>Pedro Espadinha-Cruz<\/h4>\n<p>Universidade Nova de Lisboa<br \/>(Portugal)<\/p>\n<\/td>\n<td style=\"width: 33.33%; text-align: center;\">\n<h4>Pedro Oliveira<\/h4>\n<p>Instituto Polit\u00e9cnico de Santar\u00e9m<br \/>(Portugal)<\/p>\n<\/td>\n<\/tr>\n<tr>\n<td style=\"width: 33.33%; text-align: center;\">\n<h4>Rafael Jappur<\/h4>\n<p>Universidade do Vale do Itaja\u00ed<br \/>(Brasil)<\/p>\n<\/td>\n<td style=\"width: 33.33%; text-align: center;\">\n<h4>Rejane Sartori<\/h4>\n<p>Universidade Cesumar<br \/>(Brasil)<\/p>\n<\/td>\n<td style=\"width: 33.33%; text-align: center;\">\n<h4>Rogerio Bastos<\/h4>\n<p>Universidade Federal de Santa Catarina<br \/>(Brasil)<\/p>\n<\/td>\n<\/tr>\n<tr>\n<td style=\"width: 33.33%; text-align: center;\">\n<h4>Rosane Malvestiti<\/h4>\n<p>Universidade Federal de Santa Catarina<br \/>(Brasil)<\/p>\n<\/td>\n<td style=\"width: 33.33%; text-align: center;\">\n<h4>Sladjana Cabrilo<\/h4>\n<p>I-Shou University<br \/>(Taiwan)<\/p>\n<\/td>\n<td style=\"width: 33.33%; text-align: center;\">\n<h4>Susanne Durst<\/h4>\n<p>Reykjavik University<br \/>(Isl\u00e2ndia)<\/p>\n<\/td>\n<\/tr>\n<tr>\n<td style=\"width: 33.33%; text-align: center;\">\n<h4>S\u00e9rgio Lagoa<\/h4>\n<p>Iscte &#8211; Instituto Universit\u00e1rio de Lisboa<br \/>(Portugal)<\/p>\n<\/td>\n<td style=\"width: 33.33%; text-align: center;\">\n<h4>Thaise Moser Teixeira<\/h4>\n<p>Universidade Cesumar<br \/>(Brasil)<\/p>\n<\/td>\n<td style=\"width: 33.33%; text-align: center;\">\n<h4>Vania Ulbricht<\/h4>\n<p>Universidade Federal de Santa Catarina<br \/>(Brasil)<\/p>\n<\/td>\n<\/tr>\n<tr>\n<td style=\"width: 33.33%; text-align: center;\">\n<h4>Vinicius Ramos<\/h4>\n<p>Universidade Federal de Santa Catarina<br \/>(Brasil)<\/p>\n<\/td>\n<td style=\"width: 33.33%; text-align: center;\">\n<h4>Vitor Basto-Fernandes<\/h4>\n<p>Iscte &#8211; Instituto Universit\u00e1rio de Lisboa<br \/>(Portugal)<\/p>\n<\/td>\n<td style=\"width: 33.33%; text-align: center;\">\n<h4>Waltraut Ritter<\/h4>\n<p>The New Club of Paris<br \/>(\u00c1ustria)<\/p>\n<\/td>\n<\/tr>\n<tr>\n<td style=\"width: 33.33%; text-align: center;\">\n<h4>Yong-Mi Kim<\/h4>\n<p>University of Oklahoma<br \/>(EUA)<\/p>\n<\/td>\n<td style=\"width: 33.33%; text-align: center;\"><\/td>\n<td style=\"width: 33.33%; text-align: center;\"><\/td>\n<\/tr>\n<\/tbody>\n<\/table>\n<p>[\/et_pb_text][\/et_pb_column][\/et_pb_row][\/et_pb_section]<\/p>\n","protected":false},"excerpt":{"rendered":"<p>Comit\u00e9 Cient\u00edfico Presidente do Comit\u00e9 Cient\u00edfico Fernando Gauthier Universidade Federal de Santa Catarina(Brasil) &nbsp; General Chair | Meritorious Chair Florinda Matos Iscte &#8211; Instituto Universit\u00e1rio de Lisboa(Portugal) Meritorious Chair Suliman Hawamdeh University of North Texas(Estados Unidos da Am\u00e9rica) Meritorious Chair Paulo Mauricio Selig Universidade Federal de Santa Catarina(Brasil) GFIC Conference Co-Chair Nuno Matos ICAA \u2013 [&hellip;]<\/p>\n","protected":false},"author":1,"featured_media":0,"parent":0,"menu_order":0,"comment_status":"closed","ping_status":"closed","template":"","meta":{"_et_pb_use_builder":"on","_et_pb_old_content":"<!-- wp:divi\/placeholder \/-->","_et_gb_content_width":"","footnotes":""},"class_list":["post-500","page","type-page","status-publish","hentry"],"aioseo_notices":[],"_links":{"self":[{"href":"https:\/\/gfic.icaa.pt\/en\/wp-json\/wp\/v2\/pages\/500","targetHints":{"allow":["GET"]}}],"collection":[{"href":"https:\/\/gfic.icaa.pt\/en\/wp-json\/wp\/v2\/pages"}],"about":[{"href":"https:\/\/gfic.icaa.pt\/en\/wp-json\/wp\/v2\/types\/page"}],"author":[{"embeddable":true,"href":"https:\/\/gfic.icaa.pt\/en\/wp-json\/wp\/v2\/users\/1"}],"replies":[{"embeddable":true,"href":"https:\/\/gfic.icaa.pt\/en\/wp-json\/wp\/v2\/comments?post=500"}],"version-history":[{"count":24,"href":"https:\/\/gfic.icaa.pt\/en\/wp-json\/wp\/v2\/pages\/500\/revisions"}],"predecessor-version":[{"id":2791,"href":"https:\/\/gfic.icaa.pt\/en\/wp-json\/wp\/v2\/pages\/500\/revisions\/2791"}],"wp:attachment":[{"href":"https:\/\/gfic.icaa.pt\/en\/wp-json\/wp\/v2\/media?parent=500"}],"curies":[{"name":"wp","href":"https:\/\/api.w.org\/{rel}","templated":true}]}}