{"id":1386,"date":"2025-02-24T17:50:59","date_gmt":"2025-02-24T17:50:59","guid":{"rendered":"https:\/\/gfic.icaa.pt\/?page_id=1386"},"modified":"2025-03-11T13:44:40","modified_gmt":"2025-03-11T13:44:40","slug":"submissoes","status":"publish","type":"page","link":"https:\/\/gfic.icaa.pt\/en\/submissoes\/","title":{"rendered":"GFIC 2025 &#8211; Submiss\u00f5es"},"content":{"rendered":"<p>[et_pb_section fb_built=&#8221;1&#8243; admin_label=&#8221;Title&#8221; _builder_version=&#8221;4.23&#8243; _module_preset=&#8221;default&#8221; background_color=&#8221;gcid-c5e5cc09-5d4f-4c97-9d5b-5ce8359efee6&#8243; custom_margin=&#8221;0px||0px||false|false&#8221; custom_padding=&#8221;20px||20px||false|false&#8221; da_disable_devices=&#8221;off|off|off&#8221; global_colors_info=&#8221;{%22gcid-c5e5cc09-5d4f-4c97-9d5b-5ce8359efee6%22:%91%22background_color%22%93}&#8221; da_is_popup=&#8221;off&#8221; da_exit_intent=&#8221;off&#8221; da_has_close=&#8221;on&#8221; da_alt_close=&#8221;off&#8221; da_dark_close=&#8221;off&#8221; da_not_modal=&#8221;on&#8221; da_is_singular=&#8221;off&#8221; da_with_loader=&#8221;off&#8221; da_has_shadow=&#8221;on&#8221;][et_pb_row _builder_version=&#8221;4.27.4&#8243; _module_preset=&#8221;default&#8221; custom_margin=&#8221;0px||0px||false|false&#8221; custom_padding=&#8221;0px||0px||false|false&#8221; global_colors_info=&#8221;{}&#8221;][et_pb_column type=&#8221;4_4&#8243; _builder_version=&#8221;4.25.1&#8243; _module_preset=&#8221;default&#8221; global_colors_info=&#8221;{}&#8221;][et_pb_text _builder_version=&#8221;4.27.4&#8243; text_font=&#8221;Poppins|600|||||||&#8221; text_text_color=&#8221;#FFFFFF&#8221; text_font_size=&#8221;36px&#8221; text_line_height=&#8221;1.4em&#8221; header_font=&#8221;||||||||&#8221; header_3_font=&#8221;Poppins|600|||||||&#8221; header_3_text_color=&#8221;#44d89e&#8221; header_3_font_size=&#8221;36px&#8221; header_3_line_height=&#8221;1.4em&#8221; text_orientation=&#8221;center&#8221; global_colors_info=&#8221;{}&#8221;]Submiss\u00f5es[\/et_pb_text][\/et_pb_column][\/et_pb_row][\/et_pb_section][et_pb_section fb_built=&#8221;1&#8243; admin_label=&#8221;About Us&#8221; _builder_version=&#8221;4.27.4&#8243; background_enable_color=&#8221;off&#8221; custom_padding=&#8221;|0px|50px|0px|false|false&#8221; da_disable_devices=&#8221;off|off|off&#8221; global_colors_info=&#8221;{}&#8221; da_is_popup=&#8221;off&#8221; da_exit_intent=&#8221;off&#8221; da_has_close=&#8221;on&#8221; da_alt_close=&#8221;off&#8221; da_dark_close=&#8221;off&#8221; da_not_modal=&#8221;on&#8221; da_is_singular=&#8221;off&#8221; da_with_loader=&#8221;off&#8221; da_has_shadow=&#8221;on&#8221;][et_pb_row _builder_version=&#8221;4.27.4&#8243; custom_padding=&#8221;10px|0px|10px|0px&#8221; border_color_all=&#8221;#4646c4&#8243; border_color_bottom=&#8221;#34ABD6&#8243; locked=&#8221;off&#8221; global_colors_info=&#8221;{}&#8221;][et_pb_column type=&#8221;4_4&#8243; _builder_version=&#8221;4.16&#8243; custom_padding=&#8221;|||&#8221; global_colors_info=&#8221;{}&#8221; custom_padding__hover=&#8221;|||&#8221;][et_pb_button button_url=&#8221;https:\/\/easychair.org\/conferences\/?conf=gficickmciki2025&#8243; url_new_window=&#8221;on&#8221; button_text=&#8221;Clique Aqui para Submeter um Abstract \/ Paper&#8221; button_alignment=&#8221;center&#8221; _builder_version=&#8221;4.27.4&#8243; _module_preset=&#8221;default&#8221; custom_button=&#8221;on&#8221; button_border_width=&#8221;3px&#8221; button_font=&#8221;|600|||||||&#8221; button_icon=&#8221;&#xe016;||divi||400&#8243; global_colors_info=&#8221;{}&#8221;][\/et_pb_button][\/et_pb_column][\/et_pb_row][et_pb_row _builder_version=&#8221;4.27.4&#8243; _module_preset=&#8221;default&#8221; custom_margin=&#8221;5px||0px||false|false&#8221; custom_padding=&#8221;||0px||false|false&#8221; hover_enabled=&#8221;0&#8243; global_colors_info=&#8221;{}&#8221; sticky_enabled=&#8221;0&#8243;][et_pb_column type=&#8221;4_4&#8243; _builder_version=&#8221;4.27.4&#8243; _module_preset=&#8221;default&#8221; global_colors_info=&#8221;{}&#8221;][et_pb_text _builder_version=&#8221;4.27.4&#8243; _module_preset=&#8221;default&#8221; header_4_text_color=&#8221;#E02B20&#8243; header_4_line_height=&#8221;1.8em&#8221; global_colors_info=&#8221;{}&#8221;]<\/p>\n<h4 style=\"text-align: left;\"><strong>Avisos Importantes<\/strong><\/h4>\n<ul>\n<li>\n<p data-start=\"120\" data-end=\"310\">Devido ao processo de Blind Review, os nomes dos autores e co-autores n\u00e3o devem ser inclu\u00eddos no abstract ou no paper, sendo inseridos apenas nos campos indicados no formul\u00e1rio de submiss\u00e3o.<\/p>\n<p data-start=\"312\" data-end=\"362\">\n<\/li>\n<li>\n<p data-start=\"312\" data-end=\"362\">Ser\u00e3o aceites, no m\u00e1ximo, 5 autores por submiss\u00e3o.<\/p>\n<p data-start=\"364\" data-end=\"527\">\n<\/li>\n<li>\n<p data-start=\"364\" data-end=\"527\">Ser\u00e3o aceites, no m\u00e1ximo, 4 trabalhos por autor ou co-autor. Caso algum autor ou co-autor ultrapasse esse limite, apenas as 4 primeiras submiss\u00f5es ser\u00e3o avaliadas.<\/p>\n<p data-start=\"529\" data-end=\"620\">\n<\/li>\n<li>\n<p data-start=\"529\" data-end=\"620\">As submiss\u00f5es poder\u00e3o ser retiradas de considera\u00e7\u00e3o somente at\u00e9 a data limite de submiss\u00e3o.<\/p>\n<p data-start=\"622\" data-end=\"708\">\n<\/li>\n<li>\n<p data-start=\"622\" data-end=\"708\">Os co-autores poder\u00e3o ser editados ou removidos apenas at\u00e9 a data limite de submiss\u00e3o.<\/p>\n<\/li>\n<\/ul>\n<p>[\/et_pb_text][\/et_pb_column][\/et_pb_row][et_pb_row column_structure=&#8221;1_3,1_3,1_3&#8243; _builder_version=&#8221;4.27.4&#8243; _module_preset=&#8221;default&#8221; custom_margin=&#8221;||||false|false&#8221; custom_padding=&#8221;||0px||false|false&#8221; global_colors_info=&#8221;{}&#8221;][et_pb_column type=&#8221;1_3&#8243; _builder_version=&#8221;4.27.4&#8243; _module_preset=&#8221;default&#8221; global_colors_info=&#8221;{}&#8221;][et_pb_text _builder_version=&#8221;4.27.4&#8243; _module_preset=&#8221;default&#8221; header_4_text_color=&#8221;#000000&#8243; global_colors_info=&#8221;{}&#8221;]<\/p>\n<h4 style=\"text-align: center;\"><strong>Regras de Submiss\u00e3o de Abstracts<\/strong><\/h4>\n<p style=\"text-align: center;\"><span style=\"color: #34abd6;\"><strong><\/strong><\/span><\/p>\n<p style=\"text-align: center;\"><span style=\"color: #34abd6;\"><strong><\/strong><\/span><\/p>\n<p style=\"text-align: center;\"><span style=\"color: #34abd6;\"><strong>Apenas s\u00e3o aceites submiss\u00f5es em INGL\u00caS.<\/strong><\/span><\/p>\n<p><strong><\/strong><\/p>\n<p><strong><\/strong><\/p>\n<ul>\n<li style=\"text-align: justify;\"><strong>Limite de Palavras: <\/strong>At\u00e9 250 palavras (incluindo espa\u00e7os)<\/li>\n<li style=\"text-align: justify;\"><strong>Palavras-chave:<\/strong> Entre 3 e 5 palavras<\/li>\n<li style=\"text-align: justify;\"><strong>Estrutura do Abstract:<\/strong>\n<ul>\n<li style=\"text-align: justify;\">Breve Introdu\u00e7\u00e3o (incluindo o contexto e o problema de investiga\u00e7\u00e3o)<\/li>\n<li style=\"text-align: justify;\">Objetivo<\/li>\n<li style=\"text-align: justify;\">Metodologia<\/li>\n<li style=\"text-align: justify;\">Resultados e\/ou Discuss\u00e3o<\/li>\n<li style=\"text-align: justify;\">Conclus\u00f5es<\/li>\n<\/ul>\n<\/li>\n<li><strong>O formul\u00e1rio de submiss\u00e3o deve tamb\u00e9m conter:<\/strong>\n<ul>\n<li style=\"text-align: justify;\">T\u00edtulo do Paper<\/li>\n<li style=\"text-align: justify;\">Autor(es) do Paper (incluindo afilia\u00e7\u00f5es)<\/li>\n<li style=\"text-align: justify;\">Palavras-chave<strong style=\"font-size: 14px;\"><\/strong><\/li>\n<\/ul>\n<\/li>\n<\/ul>\n<p>[\/et_pb_text][\/et_pb_column][et_pb_column type=&#8221;1_3&#8243; _builder_version=&#8221;4.27.4&#8243; _module_preset=&#8221;default&#8221; global_colors_info=&#8221;{}&#8221;][et_pb_text _builder_version=&#8221;4.27.4&#8243; _module_preset=&#8221;default&#8221; header_4_text_color=&#8221;#000000&#8243; global_colors_info=&#8221;{}&#8221;]<\/p>\n<h4 style=\"text-align: center;\"><strong>Regras de Submiss\u00e3o de Papers<\/strong><\/h4>\n<p style=\"text-align: center;\"><span style=\"color: #34abd6;\"><strong>Todas as submiss\u00f5es devem seguir o template fornecido e apenas s\u00e3o aceites submiss\u00f5es em INGL\u00caS.<\/strong><\/span><\/p>\n<p><strong><\/strong><\/p>\n<ul>\n<li style=\"text-align: justify;\"><strong>Limite de P\u00e1ginas: <\/strong>Entre 7 e 10 p\u00e1ginas (incluindo anexos)<\/li>\n<li style=\"text-align: justify;\"><strong>Tipo de Letra:<\/strong> Times New Roman<\/li>\n<li style=\"text-align: justify;\"><strong>Tamanho da Letra:<\/strong> 10<\/li>\n<li style=\"text-align: justify;\"><strong>Espa\u00e7amento:<\/strong> Simples<\/li>\n<li style=\"text-align: justify;\"><strong>Palavras-Chave:<\/strong> Entre 3 e 5 palavras<\/li>\n<li style=\"text-align: justify;\"><strong>Indenta\u00e7\u00e3o de Par\u00e1grafos:<\/strong>\n<ul>\n<li>O primeira par\u00e1grafo de uma sec\u00e7\u00e3o ou subsec\u00e7\u00e3o n\u00e3o deve ser indentado.<\/li>\n<li>O primeiro par\u00e1grafo que se segue a uma tabela, figura ou equa\u00e7\u00e3o, entre outros, tamb\u00e9m n\u00e3o deve ser indentado.<\/li>\n<li>Todos os restantes par\u00e1grafos devem ser indentados.<\/li>\n<\/ul>\n<\/li>\n<li style=\"text-align: justify;\"><strong>Refer\u00eancias:<\/strong> Devem seguir o formato indicado no template &#8211; <a href=\"https:\/\/gfic.icaa.pt\/wp-content\/uploads\/GFIC_CIKI_ICKM_2025_Templates.zip\" target=\"_blank\" rel=\"noopener\">Download<\/a><\/li>\n<\/ul>\n<p>[\/et_pb_text][\/et_pb_column][et_pb_column type=&#8221;1_3&#8243; _builder_version=&#8221;4.27.4&#8243; _module_preset=&#8221;default&#8221; global_colors_info=&#8221;{}&#8221;][et_pb_text _builder_version=&#8221;4.27.4&#8243; _module_preset=&#8221;default&#8221; header_4_text_color=&#8221;#000000&#8243; hover_enabled=&#8221;0&#8243; global_colors_info=&#8221;{}&#8221; sticky_enabled=&#8221;0&#8243;]<\/p>\n<h4 style=\"text-align: center;\"><strong>Regras de Apresenta\u00e7\u00e3o de Poster<\/strong><\/h4>\n<p style=\"text-align: center;\"><strong><span style=\"color: #34abd6;\"><\/span><\/strong><\/p>\n<p style=\"text-align: center;\"><strong><span style=\"color: #34abd6;\">Os Papers poder\u00e3o ser apresentados sob o formato de Poster.<\/span><\/strong><\/p>\n<p style=\"text-align: center;\"><strong><\/strong><\/p>\n<p style=\"text-align: center;\"><strong><span style=\"color: #34abd6;\"><\/span><\/strong><\/p>\n<ul>\n<li style=\"text-align: justify;\"><strong>Tamanho: <\/strong>A0 (841 mm x 1189 mm)<\/li>\n<li style=\"text-align: justify;\"><strong>Orienta\u00e7\u00e3o: <\/strong>Vertical<\/li>\n<li><strong>A submiss\u00e3o deve tamb\u00e9m conter:<\/strong>\n<ul>\n<li style=\"text-align: justify;\">T\u00edtulo do Poster<\/li>\n<li style=\"text-align: justify;\">Autor(es) do Poster (incluindo afilia\u00e7\u00f5es)<a href=\"https:\/\/easychair.org\/conferences\/?conf=gficickmciki2025\" target=\"_blank\" rel=\"noopener\"><\/a><\/li>\n<\/ul>\n<\/li>\n<li style=\"text-align: justify;\"><span style=\"color: #e02b20;\"><strong>Nota:<\/strong> O(s) Autor(es) deve(r\u00e3o) trazer o Poster impresso para a Confer\u00eancia.<\/span><\/li>\n<\/ul>\n<p>[\/et_pb_text][\/et_pb_column][\/et_pb_row][\/et_pb_section]<\/p>\n","protected":false},"excerpt":{"rendered":"<p>Submiss\u00f5esAvisos Importantes Devido ao processo de Blind Review, os nomes dos autores e co-autores n\u00e3o devem ser inclu\u00eddos no abstract ou no paper, sendo inseridos apenas nos campos indicados no formul\u00e1rio de submiss\u00e3o. Ser\u00e3o aceites, no m\u00e1ximo, 5 autores por submiss\u00e3o. Ser\u00e3o aceites, no m\u00e1ximo, 4 trabalhos por autor ou co-autor. Caso algum autor ou [&hellip;]<\/p>\n","protected":false},"author":1,"featured_media":0,"parent":0,"menu_order":0,"comment_status":"closed","ping_status":"closed","template":"","meta":{"_et_pb_use_builder":"on","_et_pb_old_content":"","_et_gb_content_width":"","footnotes":""},"class_list":["post-1386","page","type-page","status-publish","hentry"],"aioseo_notices":[],"_links":{"self":[{"href":"https:\/\/gfic.icaa.pt\/en\/wp-json\/wp\/v2\/pages\/1386","targetHints":{"allow":["GET"]}}],"collection":[{"href":"https:\/\/gfic.icaa.pt\/en\/wp-json\/wp\/v2\/pages"}],"about":[{"href":"https:\/\/gfic.icaa.pt\/en\/wp-json\/wp\/v2\/types\/page"}],"author":[{"embeddable":true,"href":"https:\/\/gfic.icaa.pt\/en\/wp-json\/wp\/v2\/users\/1"}],"replies":[{"embeddable":true,"href":"https:\/\/gfic.icaa.pt\/en\/wp-json\/wp\/v2\/comments?post=1386"}],"version-history":[{"count":21,"href":"https:\/\/gfic.icaa.pt\/en\/wp-json\/wp\/v2\/pages\/1386\/revisions"}],"predecessor-version":[{"id":1629,"href":"https:\/\/gfic.icaa.pt\/en\/wp-json\/wp\/v2\/pages\/1386\/revisions\/1629"}],"wp:attachment":[{"href":"https:\/\/gfic.icaa.pt\/en\/wp-json\/wp\/v2\/media?parent=1386"}],"curies":[{"name":"wp","href":"https:\/\/api.w.org\/{rel}","templated":true}]}}