{"id":137,"date":"2024-05-27T13:00:05","date_gmt":"2024-05-27T13:00:05","guid":{"rendered":"https:\/\/gfic.icaa.pt\/?page_id=137"},"modified":"2024-07-02T16:17:56","modified_gmt":"2024-07-02T16:17:56","slug":"gfic-2015-apresentacoes","status":"publish","type":"page","link":"https:\/\/gfic.icaa.pt\/en\/gfic-2015-apresentacoes\/","title":{"rendered":"GFIC 2015 \u2013 Presentations"},"content":{"rendered":"<p>[et_pb_section fb_built=&#8221;1&#8243; admin_label=&#8221;Title&#8221; _builder_version=&#8221;4.23&#8243; _module_preset=&#8221;default&#8221; background_color=&#8221;gcid-c5e5cc09-5d4f-4c97-9d5b-5ce8359efee6&#8243; custom_margin=&#8221;0px||0px||false|false&#8221; custom_padding=&#8221;20px||20px||false|false&#8221; global_colors_info=&#8221;{%22gcid-c5e5cc09-5d4f-4c97-9d5b-5ce8359efee6%22:%91%22background_color%22%93}&#8221;][et_pb_row _builder_version=&#8221;4.23&#8243; _module_preset=&#8221;default&#8221; custom_margin=&#8221;||||false|false&#8221; global_colors_info=&#8221;{}&#8221;][et_pb_column type=&#8221;4_4&#8243; _builder_version=&#8221;4.25.1&#8243; _module_preset=&#8221;default&#8221; global_colors_info=&#8221;{}&#8221;][et_pb_text _builder_version=&#8221;4.25.1&#8243; _dynamic_attributes=&#8221;content&#8221; text_font=&#8221;Poppins|600|||||||&#8221; text_text_color=&#8221;#FFFFFF&#8221; text_font_size=&#8221;36px&#8221; text_line_height=&#8221;1.4em&#8221; header_font=&#8221;||||||||&#8221; header_3_font=&#8221;Poppins|600|||||||&#8221; header_3_text_color=&#8221;#44d89e&#8221; header_3_font_size=&#8221;36px&#8221; header_3_line_height=&#8221;1.4em&#8221; text_orientation=&#8221;center&#8221; global_colors_info=&#8221;{}&#8221;]@ET-DC@eyJkeW5hbWljIjp0cnVlLCJjb250ZW50IjoicG9zdF90aXRsZSIsInNldHRpbmdzIjp7ImJlZm9yZSI6IiIsImFmdGVyIjoiIn19@[\/et_pb_text][\/et_pb_column][\/et_pb_row][\/et_pb_section][et_pb_section fb_built=&#8221;1&#8243; admin_label=&#8221;About Us&#8221; _builder_version=&#8221;4.25.2&#8243; background_enable_color=&#8221;off&#8221; custom_margin=&#8221;0px||0px||false|false&#8221; custom_padding=&#8221;65px|0px|40px|0px|false|false&#8221; global_colors_info=&#8221;{}&#8221;][et_pb_row column_structure=&#8221;1_2,1_2&#8243; admin_label=&#8221;Timing and speaker&#8221; _builder_version=&#8221;4.25.2&#8243; custom_margin=&#8221;0px||0px||false|false&#8221; custom_padding=&#8221;0px|0px||0px|false|false&#8221; border_color_all=&#8221;#4646c4&#8243; border_color_bottom=&#8221;#34ABD6&#8243; locked=&#8221;off&#8221; global_colors_info=&#8221;{}&#8221;][et_pb_column type=&#8221;1_2&#8243; _builder_version=&#8221;4.16&#8243; custom_padding=&#8221;|||&#8221; global_colors_info=&#8221;{}&#8221; custom_padding__hover=&#8221;|||&#8221;][et_pb_text _builder_version=&#8221;4.25.2&#8243; text_font=&#8221;||||||||&#8221; text_line_height=&#8221;1.8em&#8221; link_font=&#8221;||||||||&#8221; link_text_color=&#8221;#4646c4&#8243; header_font=&#8221;||||||||&#8221; header_text_color=&#8221;#34abd6&#8243; header_3_font=&#8221;Merriweather|700|||||||&#8221; header_3_line_height=&#8221;1.3em&#8221; header_4_font=&#8221;|600|||||||&#8221; header_4_text_align=&#8221;right&#8221; custom_margin=&#8221;||0px||false|false&#8221; custom_padding=&#8221;||0px||false|false&#8221; header_4_text_align_tablet=&#8221;center&#8221; header_4_text_align_phone=&#8221;center&#8221; header_4_text_align_last_edited=&#8221;on|phone&#8221; global_colors_info=&#8221;{}&#8221;]<\/p>\n<h4>Florinda Matos &#8211; Apresenta\u00e7\u00e3o:<\/h4>\n<p>[\/et_pb_text][\/et_pb_column][et_pb_column type=&#8221;1_2&#8243; _builder_version=&#8221;4.16&#8243; custom_padding=&#8221;|||&#8221; global_colors_info=&#8221;{}&#8221; custom_padding__hover=&#8221;|||&#8221;][et_pb_text _builder_version=&#8221;4.25.2&#8243; text_font=&#8221;||||||||&#8221; text_line_height=&#8221;1.8em&#8221; link_font=&#8221;||||||||&#8221; link_text_color=&#8221;#4646c4&#8243; header_font=&#8221;||||||||&#8221; header_text_color=&#8221;#34abd6&#8243; header_3_font=&#8221;Merriweather|700|||||||&#8221; header_3_line_height=&#8221;1.3em&#8221; header_4_text_align=&#8221;left&#8221; custom_margin=&#8221;0px||0px||false|false&#8221; custom_padding=&#8221;0px||0px||false|false&#8221; header_4_text_align_tablet=&#8221;center&#8221; header_4_text_align_phone=&#8221;center&#8221; header_4_text_align_last_edited=&#8221;on|phone&#8221; global_colors_info=&#8221;{}&#8221;]<\/p>\n<h4><a href=\"http:\/\/gfic.icaa.pt\/wp-content\/uploads\/sites\/4\/2024\/07\/GFIC-2015-Florinda-Matos.pdf\" target=\"_blank\" rel=\"noopener\"><span style=\"color: #34abd6;\">Download<\/span><\/a><\/h4>\n<p>[\/et_pb_text][\/et_pb_column][\/et_pb_row][et_pb_row column_structure=&#8221;1_2,1_2&#8243; admin_label=&#8221;Timing and speaker&#8221; _builder_version=&#8221;4.25.2&#8243; custom_padding=&#8221;0px|0px||0px|false|false&#8221; border_color_all=&#8221;#4646c4&#8243; border_color_bottom=&#8221;#34ABD6&#8243; locked=&#8221;off&#8221; global_colors_info=&#8221;{}&#8221;][et_pb_column type=&#8221;1_2&#8243; _builder_version=&#8221;4.16&#8243; custom_padding=&#8221;|||&#8221; global_colors_info=&#8221;{}&#8221; custom_padding__hover=&#8221;|||&#8221;][et_pb_text _builder_version=&#8221;4.25.2&#8243; text_font=&#8221;||||||||&#8221; text_line_height=&#8221;1.8em&#8221; link_font=&#8221;||||||||&#8221; link_text_color=&#8221;#4646c4&#8243; header_font=&#8221;||||||||&#8221; header_text_color=&#8221;#34abd6&#8243; header_3_font=&#8221;Merriweather|700|||||||&#8221; header_3_line_height=&#8221;1.3em&#8221; header_4_font=&#8221;|600|||||||&#8221; header_4_text_align=&#8221;right&#8221; custom_margin=&#8221;0px||0px||false|false&#8221; custom_padding=&#8221;0px||0px||false|false&#8221; header_4_text_align_tablet=&#8221;center&#8221; header_4_text_align_phone=&#8221;center&#8221; header_4_text_align_last_edited=&#8221;on|phone&#8221; global_colors_info=&#8221;{}&#8221;]<\/p>\n<h4>Jos\u00e9 Mar\u00eda Viedma &#8211; Apresenta\u00e7\u00e3o:<\/h4>\n<p>[\/et_pb_text][\/et_pb_column][et_pb_column type=&#8221;1_2&#8243; _builder_version=&#8221;4.16&#8243; custom_padding=&#8221;|||&#8221; global_colors_info=&#8221;{}&#8221; custom_padding__hover=&#8221;|||&#8221;][et_pb_text _builder_version=&#8221;4.25.2&#8243; text_font=&#8221;||||||||&#8221; text_line_height=&#8221;1.8em&#8221; link_font=&#8221;||||||||&#8221; link_text_color=&#8221;#4646c4&#8243; header_font=&#8221;||||||||&#8221; header_text_color=&#8221;#34abd6&#8243; header_3_font=&#8221;Merriweather|700|||||||&#8221; header_3_line_height=&#8221;1.3em&#8221; header_4_text_align=&#8221;left&#8221; custom_margin=&#8221;0px||0px||false|false&#8221; custom_padding=&#8221;0px||0px||false|false&#8221; header_4_text_align_tablet=&#8221;center&#8221; header_4_text_align_phone=&#8221;center&#8221; header_4_text_align_last_edited=&#8221;on|phone&#8221; global_colors_info=&#8221;{}&#8221;]<\/p>\n<h4><a href=\"http:\/\/gfic.icaa.pt\/wp-content\/uploads\/sites\/4\/2024\/07\/GFIC-2015-Jose-Maria-Viedma.pdf\" target=\"_blank\" rel=\"noopener\"><span style=\"color: #34abd6;\">Download<\/span><\/a><\/h4>\n<p>[\/et_pb_text][\/et_pb_column][\/et_pb_row][et_pb_row column_structure=&#8221;1_2,1_2&#8243; admin_label=&#8221;Timing and speaker&#8221; _builder_version=&#8221;4.25.2&#8243; custom_padding=&#8221;0px|0px||0px|false|false&#8221; hover_enabled=&#8221;0&#8243; border_color_all=&#8221;#4646c4&#8243; border_color_bottom=&#8221;#34ABD6&#8243; locked=&#8221;off&#8221; global_colors_info=&#8221;{}&#8221; sticky_enabled=&#8221;0&#8243;][et_pb_column type=&#8221;1_2&#8243; _builder_version=&#8221;4.16&#8243; custom_padding=&#8221;|||&#8221; global_colors_info=&#8221;{}&#8221; custom_padding__hover=&#8221;|||&#8221;][et_pb_text _builder_version=&#8221;4.25.2&#8243; text_font=&#8221;||||||||&#8221; text_line_height=&#8221;1.8em&#8221; link_font=&#8221;||||||||&#8221; link_text_color=&#8221;#4646c4&#8243; header_font=&#8221;||||||||&#8221; header_text_color=&#8221;#34abd6&#8243; header_3_font=&#8221;Merriweather|700|||||||&#8221; header_3_line_height=&#8221;1.3em&#8221; header_4_font=&#8221;|600|||||||&#8221; header_4_text_align=&#8221;right&#8221; custom_margin=&#8221;0px||0px||false|false&#8221; custom_padding=&#8221;0px||0px||false|false&#8221; header_4_text_align_tablet=&#8221;center&#8221; header_4_text_align_phone=&#8221;center&#8221; header_4_text_align_last_edited=&#8221;on|phone&#8221; global_colors_info=&#8221;{}&#8221;]<\/p>\n<h4>Manfred Bornemann &#8211; Apresenta\u00e7\u00e3o:<\/h4>\n<p>[\/et_pb_text][\/et_pb_column][et_pb_column type=&#8221;1_2&#8243; _builder_version=&#8221;4.16&#8243; custom_padding=&#8221;|||&#8221; global_colors_info=&#8221;{}&#8221; custom_padding__hover=&#8221;|||&#8221;][et_pb_text _builder_version=&#8221;4.25.2&#8243; text_font=&#8221;||||||||&#8221; text_line_height=&#8221;1.8em&#8221; link_font=&#8221;||||||||&#8221; link_text_color=&#8221;#4646c4&#8243; header_font=&#8221;||||||||&#8221; header_text_color=&#8221;#34abd6&#8243; header_3_font=&#8221;Merriweather|700|||||||&#8221; header_3_line_height=&#8221;1.3em&#8221; header_4_text_align=&#8221;left&#8221; custom_margin=&#8221;0px||0px||false|false&#8221; custom_padding=&#8221;0px||0px||false|false&#8221; header_4_text_align_tablet=&#8221;center&#8221; header_4_text_align_phone=&#8221;center&#8221; header_4_text_align_last_edited=&#8221;on|phone&#8221; global_colors_info=&#8221;{}&#8221;]<\/p>\n<h4><a href=\"http:\/\/gfic.icaa.pt\/wp-content\/uploads\/sites\/4\/2024\/07\/GFIC-2015-Manfred-Bornemann.pdf\" target=\"_blank\" rel=\"noopener\"><span style=\"color: #34abd6;\">Download<\/span><\/a><\/h4>\n<p>[\/et_pb_text][\/et_pb_column][\/et_pb_row][et_pb_row column_structure=&#8221;1_2,1_2&#8243; admin_label=&#8221;Timing and speaker&#8221; _builder_version=&#8221;4.25.2&#8243; custom_padding=&#8221;0px|0px||0px|false|false&#8221; border_color_all=&#8221;#4646c4&#8243; border_color_bottom=&#8221;#34ABD6&#8243; locked=&#8221;off&#8221; global_colors_info=&#8221;{}&#8221;][et_pb_column type=&#8221;1_2&#8243; _builder_version=&#8221;4.16&#8243; custom_padding=&#8221;|||&#8221; global_colors_info=&#8221;{}&#8221; custom_padding__hover=&#8221;|||&#8221;][et_pb_text _builder_version=&#8221;4.25.2&#8243; text_font=&#8221;||||||||&#8221; text_line_height=&#8221;1.8em&#8221; link_font=&#8221;||||||||&#8221; link_text_color=&#8221;#4646c4&#8243; header_font=&#8221;||||||||&#8221; header_text_color=&#8221;#34abd6&#8243; header_3_font=&#8221;Merriweather|700|||||||&#8221; header_3_line_height=&#8221;1.3em&#8221; header_4_font=&#8221;|600|||||||&#8221; header_4_text_align=&#8221;right&#8221; custom_margin=&#8221;0px||0px||false|false&#8221; custom_padding=&#8221;0px||0px||false|false&#8221; header_4_text_align_tablet=&#8221;center&#8221; header_4_text_align_phone=&#8221;center&#8221; header_4_text_align_last_edited=&#8221;on|phone&#8221; global_colors_info=&#8221;{}&#8221;]<\/p>\n<h4>Miguel Botelho Barbosa &#8211; Apresenta\u00e7\u00e3o:<\/h4>\n<p>[\/et_pb_text][\/et_pb_column][et_pb_column type=&#8221;1_2&#8243; _builder_version=&#8221;4.16&#8243; custom_padding=&#8221;|||&#8221; global_colors_info=&#8221;{}&#8221; custom_padding__hover=&#8221;|||&#8221;][et_pb_text _builder_version=&#8221;4.25.2&#8243; text_font=&#8221;||||||||&#8221; text_line_height=&#8221;1.8em&#8221; link_font=&#8221;||||||||&#8221; link_text_color=&#8221;#4646c4&#8243; header_font=&#8221;||||||||&#8221; header_text_color=&#8221;#34abd6&#8243; header_3_font=&#8221;Merriweather|700|||||||&#8221; header_3_line_height=&#8221;1.3em&#8221; header_4_text_align=&#8221;left&#8221; custom_margin=&#8221;0px||0px||false|false&#8221; custom_padding=&#8221;0px||0px||false|false&#8221; header_4_text_align_tablet=&#8221;center&#8221; header_4_text_align_phone=&#8221;center&#8221; header_4_text_align_last_edited=&#8221;on|phone&#8221; global_colors_info=&#8221;{}&#8221;]<\/p>\n<h4><a href=\"http:\/\/gfic.icaa.pt\/wp-content\/uploads\/sites\/4\/2024\/07\/GFIC-2015-Miguel-Botelho-Barbosa.pdf\" target=\"_blank\" rel=\"noopener\"><span style=\"color: #34abd6;\">Download<\/span><\/a><\/h4>\n<p>[\/et_pb_text][\/et_pb_column][\/et_pb_row][et_pb_row column_structure=&#8221;1_2,1_2&#8243; admin_label=&#8221;Timing and speaker&#8221; _builder_version=&#8221;4.25.2&#8243; custom_padding=&#8221;0px|0px|20px|0px|false|false&#8221; hover_enabled=&#8221;0&#8243; border_color_all=&#8221;#4646c4&#8243; border_color_bottom=&#8221;#34ABD6&#8243; locked=&#8221;off&#8221; global_colors_info=&#8221;{}&#8221; sticky_enabled=&#8221;0&#8243;][et_pb_column type=&#8221;1_2&#8243; _builder_version=&#8221;4.16&#8243; custom_padding=&#8221;|||&#8221; global_colors_info=&#8221;{}&#8221; custom_padding__hover=&#8221;|||&#8221;][et_pb_text _builder_version=&#8221;4.25.2&#8243; text_font=&#8221;||||||||&#8221; text_line_height=&#8221;1.8em&#8221; link_font=&#8221;||||||||&#8221; link_text_color=&#8221;#4646c4&#8243; header_font=&#8221;||||||||&#8221; header_text_color=&#8221;#34abd6&#8243; header_3_font=&#8221;Merriweather|700|||||||&#8221; header_3_line_height=&#8221;1.3em&#8221; header_4_font=&#8221;|600|||||||&#8221; header_4_text_align=&#8221;right&#8221; custom_margin=&#8221;0px||0px||false|false&#8221; custom_padding=&#8221;0px||0px||false|false&#8221; header_4_text_align_tablet=&#8221;center&#8221; header_4_text_align_phone=&#8221;center&#8221; header_4_text_align_last_edited=&#8221;on|phone&#8221; global_colors_info=&#8221;{}&#8221;]<\/p>\n<h4>Marta-Christina Suciu &#8211; Apresenta\u00e7\u00e3o:<\/h4>\n<p>[\/et_pb_text][\/et_pb_column][et_pb_column type=&#8221;1_2&#8243; _builder_version=&#8221;4.16&#8243; custom_padding=&#8221;|||&#8221; global_colors_info=&#8221;{}&#8221; custom_padding__hover=&#8221;|||&#8221;][et_pb_text _builder_version=&#8221;4.25.2&#8243; text_font=&#8221;||||||||&#8221; text_line_height=&#8221;1.8em&#8221; link_font=&#8221;||||||||&#8221; link_text_color=&#8221;#4646c4&#8243; header_font=&#8221;||||||||&#8221; header_text_color=&#8221;#34abd6&#8243; header_3_font=&#8221;Merriweather|700|||||||&#8221; header_3_line_height=&#8221;1.3em&#8221; header_4_text_align=&#8221;left&#8221; custom_margin=&#8221;0px||0px||false|false&#8221; custom_padding=&#8221;0px||0px||false|false&#8221; header_4_text_align_tablet=&#8221;center&#8221; header_4_text_align_phone=&#8221;center&#8221; header_4_text_align_last_edited=&#8221;on|phone&#8221; global_colors_info=&#8221;{}&#8221;]<\/p>\n<h4><a href=\"http:\/\/gfic.icaa.pt\/wp-content\/uploads\/sites\/4\/2024\/07\/GFIC-2015-Marta-Christina-Suciu.pdf\" target=\"_blank\" rel=\"noopener\"><span style=\"color: #34abd6;\">Download<\/span><\/a><\/h4>\n<p>[\/et_pb_text][\/et_pb_column][\/et_pb_row][\/et_pb_section]<\/p>\n","protected":false},"excerpt":{"rendered":"<p>Florinda Matos &#8211; Apresenta\u00e7\u00e3o:DownloadJos\u00e9 Mar\u00eda Viedma &#8211; Apresenta\u00e7\u00e3o:DownloadManfred Bornemann &#8211; Apresenta\u00e7\u00e3o:DownloadMiguel Botelho Barbosa &#8211; Apresenta\u00e7\u00e3o:DownloadMarta-Christina Suciu &#8211; Apresenta\u00e7\u00e3o:Download<\/p>","protected":false},"author":1,"featured_media":0,"parent":0,"menu_order":0,"comment_status":"closed","ping_status":"closed","template":"","meta":{"_et_pb_use_builder":"on","_et_pb_old_content":"<!-- wp:divi\/placeholder \/-->","_et_gb_content_width":"","footnotes":""},"class_list":["post-137","page","type-page","status-publish","hentry"],"aioseo_notices":[],"_links":{"self":[{"href":"https:\/\/gfic.icaa.pt\/en\/wp-json\/wp\/v2\/pages\/137","targetHints":{"allow":["GET"]}}],"collection":[{"href":"https:\/\/gfic.icaa.pt\/en\/wp-json\/wp\/v2\/pages"}],"about":[{"href":"https:\/\/gfic.icaa.pt\/en\/wp-json\/wp\/v2\/types\/page"}],"author":[{"embeddable":true,"href":"https:\/\/gfic.icaa.pt\/en\/wp-json\/wp\/v2\/users\/1"}],"replies":[{"embeddable":true,"href":"https:\/\/gfic.icaa.pt\/en\/wp-json\/wp\/v2\/comments?post=137"}],"version-history":[{"count":8,"href":"https:\/\/gfic.icaa.pt\/en\/wp-json\/wp\/v2\/pages\/137\/revisions"}],"predecessor-version":[{"id":354,"href":"https:\/\/gfic.icaa.pt\/en\/wp-json\/wp\/v2\/pages\/137\/revisions\/354"}],"wp:attachment":[{"href":"https:\/\/gfic.icaa.pt\/en\/wp-json\/wp\/v2\/media?parent=137"}],"curies":[{"name":"wp","href":"https:\/\/api.w.org\/{rel}","templated":true}]}}