{"id":133,"date":"2024-05-27T12:58:39","date_gmt":"2024-05-27T12:58:39","guid":{"rendered":"https:\/\/gfic.icaa.pt\/?page_id=133"},"modified":"2024-07-04T18:17:33","modified_gmt":"2024-07-04T18:17:33","slug":"gfic-2019-proceedings-e-apresentacoes","status":"publish","type":"page","link":"https:\/\/gfic.icaa.pt\/en\/gfic-2019-proceedings-e-apresentacoes\/","title":{"rendered":"GFIC 2019 \u2013 Proceedings and Presentations"},"content":{"rendered":"<p>[et_pb_section fb_built=&#8221;1&#8243; admin_label=&#8221;Title&#8221; _builder_version=&#8221;4.23&#8243; _module_preset=&#8221;default&#8221; background_color=&#8221;gcid-c5e5cc09-5d4f-4c97-9d5b-5ce8359efee6&#8243; custom_margin=&#8221;0px||0px||false|false&#8221; custom_padding=&#8221;20px||20px||false|false&#8221; global_colors_info=&#8221;{%22gcid-c5e5cc09-5d4f-4c97-9d5b-5ce8359efee6%22:%91%22background_color%22%93}&#8221;][et_pb_row _builder_version=&#8221;4.23&#8243; _module_preset=&#8221;default&#8221; custom_margin=&#8221;||||false|false&#8221; global_colors_info=&#8221;{}&#8221;][et_pb_column type=&#8221;4_4&#8243; _builder_version=&#8221;4.25.1&#8243; _module_preset=&#8221;default&#8221; global_colors_info=&#8221;{}&#8221;][et_pb_text _builder_version=&#8221;4.25.1&#8243; _dynamic_attributes=&#8221;content&#8221; text_font=&#8221;Poppins|600|||||||&#8221; text_text_color=&#8221;#FFFFFF&#8221; text_font_size=&#8221;36px&#8221; text_line_height=&#8221;1.4em&#8221; header_font=&#8221;||||||||&#8221; header_3_font=&#8221;Poppins|600|||||||&#8221; header_3_text_color=&#8221;#44d89e&#8221; header_3_font_size=&#8221;36px&#8221; header_3_line_height=&#8221;1.4em&#8221; text_orientation=&#8221;center&#8221; global_colors_info=&#8221;{}&#8221;]@ET-DC@eyJkeW5hbWljIjp0cnVlLCJjb250ZW50IjoicG9zdF90aXRsZSIsInNldHRpbmdzIjp7ImJlZm9yZSI6IiIsImFmdGVyIjoiIn19@[\/et_pb_text][\/et_pb_column][\/et_pb_row][\/et_pb_section][et_pb_section fb_built=&#8221;1&#8243; admin_label=&#8221;About Us&#8221; _builder_version=&#8221;4.25.2&#8243; background_enable_color=&#8221;off&#8221; custom_padding=&#8221;|0px|50px|0px|false|false&#8221; global_colors_info=&#8221;{}&#8221;][et_pb_row _builder_version=&#8221;4.25.1&#8243; custom_padding=&#8221;10px|0px|10px|0px&#8221; border_color_all=&#8221;#4646c4&#8243; border_width_bottom=&#8221;3px&#8221; border_color_bottom=&#8221;#34ABD6&#8243; locked=&#8221;off&#8221; global_colors_info=&#8221;{}&#8221;][et_pb_column type=&#8221;4_4&#8243; _builder_version=&#8221;4.16&#8243; custom_padding=&#8221;|||&#8221; global_colors_info=&#8221;{}&#8221; custom_padding__hover=&#8221;|||&#8221;][et_pb_text _builder_version=&#8221;4.26.0&#8243; text_font=&#8221;Poppins|600|||||||&#8221; text_text_color=&#8221;#34ABD6&#8243; text_font_size=&#8221;36px&#8221; text_line_height=&#8221;1.4em&#8221; header_font=&#8221;||||||||&#8221; header_text_color=&#8221;#34ABD6&#8243; header_3_font=&#8221;Poppins|600|||||||&#8221; header_3_text_color=&#8221;#34ABD6&#8243; header_3_font_size=&#8221;36px&#8221; header_3_line_height=&#8221;1.4em&#8221; text_orientation=&#8221;center&#8221; custom_padding=&#8221;||25px||false|false&#8221; hover_enabled=&#8221;0&#8243; global_colors_info=&#8221;{}&#8221; sticky_enabled=&#8221;0&#8243;]Proceedings da Confer\u00eancia[\/et_pb_text][\/et_pb_column][\/et_pb_row][et_pb_row _builder_version=&#8221;4.25.1&#8243; custom_padding=&#8221;10px|0px|10px|0px&#8221; border_color_all=&#8221;#4646c4&#8243; border_width_bottom=&#8221;3px&#8221; border_color_bottom=&#8221;#34ABD6&#8243; locked=&#8221;off&#8221; global_colors_info=&#8221;{}&#8221;][et_pb_column type=&#8221;4_4&#8243; _builder_version=&#8221;4.16&#8243; custom_padding=&#8221;|||&#8221; global_colors_info=&#8221;{}&#8221; custom_padding__hover=&#8221;|||&#8221;][et_pb_text _builder_version=&#8221;4.25.2&#8243; _module_preset=&#8221;default&#8221; text_font_size=&#8221;16px&#8221; custom_margin=&#8221;40px||50px||false|false&#8221; custom_padding=&#8221;||0px||false|false&#8221; locked=&#8221;off&#8221; global_colors_info=&#8221;{}&#8221;]<\/p>\n<p style=\"text-align: center;\"><strong>GFIC 2019 &#8211; Proceedings of the 2nd Global Forum of Intellectual Capital, ed. Florinda Matos, ISCTE-IUL.<\/strong><\/p>\n<p style=\"text-align: center;\"><strong>ISBN: 978-989-781-144-9<\/strong><\/p>\n<p>[\/et_pb_text][et_pb_code _builder_version=&#8221;4.25.2&#8243; _module_preset=&#8221;default&#8221; custom_margin=&#8221;||50px||false|false&#8221; global_colors_info=&#8221;{}&#8221;]<a href=\"https:\/\/gfic.icaa.pt\/wp-content\/uploads\/sites\/4\/2024\/07\/GFIC-2019-Conference-Proceedings.pdf\" class=\"pdfemb-viewer\" style=\"\" data-width=\"max\" data-height=\"max\" data-toolbar=\"bottom\" data-toolbar-fixed=\"off\">GFIC-2019-Conference-Proceedings<\/a>[\/et_pb_code][et_pb_text _builder_version=&#8221;4.26.0&#8243; text_font=&#8221;Poppins|600|||||||&#8221; text_text_color=&#8221;#34ABD6&#8243; text_font_size=&#8221;36px&#8221; text_line_height=&#8221;1.4em&#8221; header_font=&#8221;||||||||&#8221; header_text_color=&#8221;#34ABD6&#8243; header_3_font=&#8221;Poppins|600|||||||&#8221; header_3_text_color=&#8221;#34ABD6&#8243; header_3_font_size=&#8221;36px&#8221; header_3_line_height=&#8221;1.4em&#8221; text_orientation=&#8221;center&#8221; custom_padding=&#8221;||25px||false|false&#8221; hover_enabled=&#8221;0&#8243; global_colors_info=&#8221;{}&#8221; sticky_enabled=&#8221;0&#8243;]<\/p>\n<p>Apresenta\u00e7\u00f5es e Outras Publica\u00e7\u00f5es<\/p>\n<p>[\/et_pb_text][\/et_pb_column][\/et_pb_row][\/et_pb_section][et_pb_section fb_built=&#8221;1&#8243; admin_label=&#8221;About Us&#8221; _builder_version=&#8221;4.25.2&#8243; background_enable_color=&#8221;off&#8221; custom_margin=&#8221;0px||0px||false|false&#8221; custom_padding=&#8221;10px|0px|40px|0px|false|false&#8221; global_colors_info=&#8221;{}&#8221;][et_pb_row column_structure=&#8221;1_2,1_2&#8243; admin_label=&#8221;Timing and speaker&#8221; _builder_version=&#8221;4.25.2&#8243; custom_padding=&#8221;0px|0px||0px|false|false&#8221; border_color_all=&#8221;#4646c4&#8243; border_color_bottom=&#8221;#34ABD6&#8243; locked=&#8221;off&#8221; global_colors_info=&#8221;{}&#8221;][et_pb_column type=&#8221;1_2&#8243; _builder_version=&#8221;4.16&#8243; custom_padding=&#8221;|||&#8221; global_colors_info=&#8221;{}&#8221; custom_padding__hover=&#8221;|||&#8221;][et_pb_text _builder_version=&#8221;4.26.0&#8243; text_font=&#8221;||||||||&#8221; text_line_height=&#8221;1.8em&#8221; link_font=&#8221;||||||||&#8221; link_text_color=&#8221;#4646c4&#8243; header_font=&#8221;||||||||&#8221; header_text_color=&#8221;#34abd6&#8243; header_3_font=&#8221;Merriweather|700|||||||&#8221; header_3_line_height=&#8221;1.3em&#8221; header_4_font=&#8221;|600|||||||&#8221; header_4_text_align=&#8221;right&#8221; custom_margin=&#8221;0px||0px||false|false&#8221; custom_padding=&#8221;0px||0px||false|false&#8221; hover_enabled=&#8221;0&#8243; header_4_text_align_tablet=&#8221;center&#8221; header_4_text_align_phone=&#8221;center&#8221; header_4_text_align_last_edited=&#8221;on|phone&#8221; global_colors_info=&#8221;{}&#8221; sticky_enabled=&#8221;0&#8243;]<\/p>\n<h4>Revista &#8220;M\u00e1tria Digital&#8221;:<\/h4>\n<p>[\/et_pb_text][\/et_pb_column][et_pb_column type=&#8221;1_2&#8243; _builder_version=&#8221;4.16&#8243; custom_padding=&#8221;|||&#8221; global_colors_info=&#8221;{}&#8221; custom_padding__hover=&#8221;|||&#8221;][et_pb_text _builder_version=&#8221;4.25.2&#8243; text_font=&#8221;||||||||&#8221; text_line_height=&#8221;1.8em&#8221; link_font=&#8221;||||||||&#8221; link_text_color=&#8221;#4646c4&#8243; header_font=&#8221;||||||||&#8221; header_text_color=&#8221;#34abd6&#8243; header_3_font=&#8221;Merriweather|700|||||||&#8221; header_3_line_height=&#8221;1.3em&#8221; header_4_text_align=&#8221;left&#8221; custom_margin=&#8221;0px||0px||false|false&#8221; custom_padding=&#8221;0px||0px||false|false&#8221; header_4_text_align_tablet=&#8221;center&#8221; header_4_text_align_phone=&#8221;center&#8221; header_4_text_align_last_edited=&#8221;on|phone&#8221; global_colors_info=&#8221;{}&#8221;]<\/p>\n<h4><a href=\"https:\/\/matriadigital.santarem.pt\/index.php\/arquivodigital\/arquivo7\/103-dossier-gfic-2019-forum-global-do-capital-intelectual\" target=\"_blank\" rel=\"noopener\"><span style=\"color: #34abd6;\">Download<\/span><\/a><\/h4>\n<p>[\/et_pb_text][\/et_pb_column][\/et_pb_row][et_pb_row column_structure=&#8221;1_2,1_2&#8243; admin_label=&#8221;Timing and speaker&#8221; _builder_version=&#8221;4.25.2&#8243; custom_padding=&#8221;0px|0px||0px|false|false&#8221; border_color_all=&#8221;#4646c4&#8243; border_color_bottom=&#8221;#34ABD6&#8243; locked=&#8221;off&#8221; global_colors_info=&#8221;{}&#8221;][et_pb_column type=&#8221;1_2&#8243; _builder_version=&#8221;4.16&#8243; custom_padding=&#8221;|||&#8221; global_colors_info=&#8221;{}&#8221; custom_padding__hover=&#8221;|||&#8221;][et_pb_text _builder_version=&#8221;4.26.0&#8243; text_font=&#8221;||||||||&#8221; text_line_height=&#8221;1.8em&#8221; link_font=&#8221;||||||||&#8221; link_text_color=&#8221;#4646c4&#8243; header_font=&#8221;||||||||&#8221; header_text_color=&#8221;#34abd6&#8243; header_3_font=&#8221;Merriweather|700|||||||&#8221; header_3_line_height=&#8221;1.3em&#8221; header_4_font=&#8221;|600|||||||&#8221; header_4_text_align=&#8221;right&#8221; custom_margin=&#8221;0px||0px||false|false&#8221; custom_padding=&#8221;0px||0px||false|false&#8221; hover_enabled=&#8221;0&#8243; header_4_text_align_tablet=&#8221;center&#8221; header_4_text_align_phone=&#8221;center&#8221; header_4_text_align_last_edited=&#8221;on|phone&#8221; global_colors_info=&#8221;{}&#8221; sticky_enabled=&#8221;0&#8243;]<\/p>\n<h4>Andr\u00e9s Barreneche &#8211; Apresenta\u00e7\u00e3o:<\/h4>\n<p>[\/et_pb_text][\/et_pb_column][et_pb_column type=&#8221;1_2&#8243; _builder_version=&#8221;4.16&#8243; custom_padding=&#8221;|||&#8221; global_colors_info=&#8221;{}&#8221; custom_padding__hover=&#8221;|||&#8221;][et_pb_text _builder_version=&#8221;4.25.2&#8243; text_font=&#8221;||||||||&#8221; text_line_height=&#8221;1.8em&#8221; link_font=&#8221;||||||||&#8221; link_text_color=&#8221;#4646c4&#8243; header_font=&#8221;||||||||&#8221; header_text_color=&#8221;#34abd6&#8243; header_3_font=&#8221;Merriweather|700|||||||&#8221; header_3_line_height=&#8221;1.3em&#8221; header_4_text_align=&#8221;left&#8221; custom_margin=&#8221;0px||0px||false|false&#8221; custom_padding=&#8221;0px||0px||false|false&#8221; header_4_text_align_tablet=&#8221;center&#8221; header_4_text_align_phone=&#8221;center&#8221; header_4_text_align_last_edited=&#8221;on|phone&#8221; global_colors_info=&#8221;{}&#8221;]<\/p>\n<h4><a href=\"http:\/\/gfic.icaa.pt\/wp-content\/uploads\/sites\/4\/2024\/07\/GFIC-2019-Andres-Barreneche.pdf\" target=\"_blank\" rel=\"noopener\"><span style=\"color: #34abd6;\">Download<\/span><\/a><\/h4>\n<p>[\/et_pb_text][\/et_pb_column][\/et_pb_row][et_pb_row column_structure=&#8221;1_2,1_2&#8243; admin_label=&#8221;Timing and speaker&#8221; _builder_version=&#8221;4.25.2&#8243; custom_padding=&#8221;0px|0px||0px|false|false&#8221; border_color_all=&#8221;#4646c4&#8243; border_color_bottom=&#8221;#34ABD6&#8243; locked=&#8221;off&#8221; global_colors_info=&#8221;{}&#8221;][et_pb_column type=&#8221;1_2&#8243; _builder_version=&#8221;4.16&#8243; custom_padding=&#8221;|||&#8221; global_colors_info=&#8221;{}&#8221; custom_padding__hover=&#8221;|||&#8221;][et_pb_text _builder_version=&#8221;4.26.0&#8243; text_font=&#8221;||||||||&#8221; text_line_height=&#8221;1.8em&#8221; link_font=&#8221;||||||||&#8221; link_text_color=&#8221;#4646c4&#8243; header_font=&#8221;||||||||&#8221; header_text_color=&#8221;#34abd6&#8243; header_3_font=&#8221;Merriweather|700|||||||&#8221; header_3_line_height=&#8221;1.3em&#8221; header_4_font=&#8221;|600|||||||&#8221; header_4_text_align=&#8221;right&#8221; custom_margin=&#8221;0px||0px||false|false&#8221; custom_padding=&#8221;0px||0px||false|false&#8221; hover_enabled=&#8221;0&#8243; header_4_text_align_tablet=&#8221;center&#8221; header_4_text_align_phone=&#8221;center&#8221; header_4_text_align_last_edited=&#8221;on|phone&#8221; global_colors_info=&#8221;{}&#8221; sticky_enabled=&#8221;0&#8243;]<\/p>\n<h4>Helena Almeida &#8211; Apresenta\u00e7\u00e3o:<\/h4>\n<p>[\/et_pb_text][\/et_pb_column][et_pb_column type=&#8221;1_2&#8243; _builder_version=&#8221;4.16&#8243; custom_padding=&#8221;|||&#8221; global_colors_info=&#8221;{}&#8221; custom_padding__hover=&#8221;|||&#8221;][et_pb_text _builder_version=&#8221;4.25.2&#8243; text_font=&#8221;||||||||&#8221; text_line_height=&#8221;1.8em&#8221; link_font=&#8221;||||||||&#8221; link_text_color=&#8221;#4646c4&#8243; header_font=&#8221;||||||||&#8221; header_text_color=&#8221;#34abd6&#8243; header_3_font=&#8221;Merriweather|700|||||||&#8221; header_3_line_height=&#8221;1.3em&#8221; header_4_text_align=&#8221;left&#8221; custom_margin=&#8221;0px||0px||false|false&#8221; custom_padding=&#8221;0px||0px||false|false&#8221; header_4_text_align_tablet=&#8221;center&#8221; header_4_text_align_phone=&#8221;center&#8221; header_4_text_align_last_edited=&#8221;on|phone&#8221; global_colors_info=&#8221;{}&#8221;]<\/p>\n<h4><a href=\"http:\/\/gfic.icaa.pt\/wp-content\/uploads\/sites\/4\/2024\/07\/GFIC-2019-Helena-Almeida.pdf\" target=\"_blank\" rel=\"noopener\"><span style=\"color: #34abd6;\">Download<\/span><\/a><\/h4>\n<p>[\/et_pb_text][\/et_pb_column][\/et_pb_row][et_pb_row column_structure=&#8221;1_2,1_2&#8243; admin_label=&#8221;Timing and speaker&#8221; _builder_version=&#8221;4.25.2&#8243; custom_padding=&#8221;0px|0px||0px|false|false&#8221; border_color_all=&#8221;#4646c4&#8243; border_color_bottom=&#8221;#34ABD6&#8243; locked=&#8221;off&#8221; global_colors_info=&#8221;{}&#8221;][et_pb_column type=&#8221;1_2&#8243; _builder_version=&#8221;4.16&#8243; custom_padding=&#8221;|||&#8221; global_colors_info=&#8221;{}&#8221; custom_padding__hover=&#8221;|||&#8221;][et_pb_text _builder_version=&#8221;4.26.0&#8243; text_font=&#8221;||||||||&#8221; text_line_height=&#8221;1.8em&#8221; link_font=&#8221;||||||||&#8221; link_text_color=&#8221;#4646c4&#8243; header_font=&#8221;||||||||&#8221; header_text_color=&#8221;#34abd6&#8243; header_3_font=&#8221;Merriweather|700|||||||&#8221; header_3_line_height=&#8221;1.3em&#8221; header_4_font=&#8221;|600|||||||&#8221; header_4_text_align=&#8221;right&#8221; custom_margin=&#8221;0px||0px||false|false&#8221; custom_padding=&#8221;0px||0px||false|false&#8221; hover_enabled=&#8221;0&#8243; header_4_text_align_tablet=&#8221;center&#8221; header_4_text_align_phone=&#8221;center&#8221; header_4_text_align_last_edited=&#8221;on|phone&#8221; global_colors_info=&#8221;{}&#8221; sticky_enabled=&#8221;0&#8243;]<\/p>\n<h4>Leif Edvinsson &#8211; Apresenta\u00e7\u00e3o:<\/h4>\n<p>[\/et_pb_text][\/et_pb_column][et_pb_column type=&#8221;1_2&#8243; _builder_version=&#8221;4.16&#8243; custom_padding=&#8221;|||&#8221; global_colors_info=&#8221;{}&#8221; custom_padding__hover=&#8221;|||&#8221;][et_pb_text _builder_version=&#8221;4.25.2&#8243; text_font=&#8221;||||||||&#8221; text_line_height=&#8221;1.8em&#8221; link_font=&#8221;||||||||&#8221; link_text_color=&#8221;#4646c4&#8243; header_font=&#8221;||||||||&#8221; header_text_color=&#8221;#34abd6&#8243; header_3_font=&#8221;Merriweather|700|||||||&#8221; header_3_line_height=&#8221;1.3em&#8221; header_4_text_align=&#8221;left&#8221; custom_margin=&#8221;0px||0px||false|false&#8221; custom_padding=&#8221;0px||0px||false|false&#8221; header_4_text_align_tablet=&#8221;center&#8221; header_4_text_align_phone=&#8221;center&#8221; header_4_text_align_last_edited=&#8221;on|phone&#8221; global_colors_info=&#8221;{}&#8221;]<\/p>\n<h4><a href=\"http:\/\/gfic.icaa.pt\/wp-content\/uploads\/sites\/4\/2024\/07\/GFIC-2019-Leif-Edvinsson-1.pdf\" target=\"_blank\" rel=\"noopener\"><span style=\"color: #34abd6;\">Download<\/span><\/a><a href=\"http:\/\/gfic.icaa.pt\/wp-content\/uploads\/sites\/4\/2024\/07\/GFIC-2019-Leif-Edvinsson-2.pdf\" target=\"_blank\" rel=\"noopener\"><span style=\"color: #34abd6; padding-left:50px;\">Download<\/span><\/a><\/h4>\n<p>[\/et_pb_text][\/et_pb_column][\/et_pb_row][et_pb_row column_structure=&#8221;1_2,1_2&#8243; admin_label=&#8221;Timing and speaker&#8221; _builder_version=&#8221;4.25.2&#8243; custom_padding=&#8221;0px|0px||0px|false|false&#8221; border_color_all=&#8221;#4646c4&#8243; border_color_bottom=&#8221;#34ABD6&#8243; locked=&#8221;off&#8221; global_colors_info=&#8221;{}&#8221;][et_pb_column type=&#8221;1_2&#8243; _builder_version=&#8221;4.16&#8243; custom_padding=&#8221;|||&#8221; global_colors_info=&#8221;{}&#8221; custom_padding__hover=&#8221;|||&#8221;][et_pb_text _builder_version=&#8221;4.26.0&#8243; text_font=&#8221;||||||||&#8221; text_line_height=&#8221;1.8em&#8221; link_font=&#8221;||||||||&#8221; link_text_color=&#8221;#4646c4&#8243; header_font=&#8221;||||||||&#8221; header_text_color=&#8221;#34abd6&#8243; header_3_font=&#8221;Merriweather|700|||||||&#8221; header_3_line_height=&#8221;1.3em&#8221; header_4_font=&#8221;|600|||||||&#8221; header_4_text_align=&#8221;right&#8221; custom_margin=&#8221;0px||0px||false|false&#8221; custom_padding=&#8221;0px||0px||false|false&#8221; hover_enabled=&#8221;0&#8243; header_4_text_align_tablet=&#8221;center&#8221; header_4_text_align_phone=&#8221;center&#8221; header_4_text_align_last_edited=&#8221;on|phone&#8221; global_colors_info=&#8221;{}&#8221; sticky_enabled=&#8221;0&#8243;]<\/p>\n<h4>Ludo Pyis &#8211; Apresenta\u00e7\u00e3o:<\/h4>\n<p>[\/et_pb_text][\/et_pb_column][et_pb_column type=&#8221;1_2&#8243; _builder_version=&#8221;4.16&#8243; custom_padding=&#8221;|||&#8221; global_colors_info=&#8221;{}&#8221; custom_padding__hover=&#8221;|||&#8221;][et_pb_text _builder_version=&#8221;4.25.2&#8243; text_font=&#8221;||||||||&#8221; text_line_height=&#8221;1.8em&#8221; link_font=&#8221;||||||||&#8221; link_text_color=&#8221;#4646c4&#8243; header_font=&#8221;||||||||&#8221; header_text_color=&#8221;#34abd6&#8243; header_3_font=&#8221;Merriweather|700|||||||&#8221; header_3_line_height=&#8221;1.3em&#8221; header_4_text_align=&#8221;left&#8221; custom_margin=&#8221;0px||0px||false|false&#8221; custom_padding=&#8221;0px||0px||false|false&#8221; header_4_text_align_tablet=&#8221;center&#8221; header_4_text_align_phone=&#8221;center&#8221; header_4_text_align_last_edited=&#8221;on|phone&#8221; global_colors_info=&#8221;{}&#8221;]<\/p>\n<h4><a href=\"http:\/\/gfic.icaa.pt\/wp-content\/uploads\/sites\/4\/2024\/07\/GFIC-2019-Ludo-Pyis.pdf\" target=\"_blank\" rel=\"noopener\"><span style=\"color: #34abd6;\">Download<\/span><\/a><\/h4>\n<p>[\/et_pb_text][\/et_pb_column][\/et_pb_row][et_pb_row column_structure=&#8221;1_2,1_2&#8243; admin_label=&#8221;Timing and speaker&#8221; _builder_version=&#8221;4.25.2&#8243; custom_margin=&#8221;0px||0px||false|false&#8221; custom_padding=&#8221;0px|0px|20px|0px|false|false&#8221; border_color_all=&#8221;#4646c4&#8243; border_color_bottom=&#8221;#34ABD6&#8243; locked=&#8221;off&#8221; global_colors_info=&#8221;{}&#8221;][et_pb_column type=&#8221;1_2&#8243; _builder_version=&#8221;4.16&#8243; custom_padding=&#8221;|||&#8221; global_colors_info=&#8221;{}&#8221; custom_padding__hover=&#8221;|||&#8221;][et_pb_text _builder_version=&#8221;4.26.0&#8243; text_font=&#8221;||||||||&#8221; text_line_height=&#8221;1.8em&#8221; link_font=&#8221;||||||||&#8221; link_text_color=&#8221;#4646c4&#8243; header_font=&#8221;||||||||&#8221; header_text_color=&#8221;#34abd6&#8243; header_3_font=&#8221;Merriweather|700|||||||&#8221; header_3_line_height=&#8221;1.3em&#8221; header_4_font=&#8221;|600|||||||&#8221; header_4_text_align=&#8221;right&#8221; custom_margin=&#8221;||0px||false|false&#8221; custom_padding=&#8221;||0px||false|false&#8221; hover_enabled=&#8221;0&#8243; header_4_text_align_tablet=&#8221;center&#8221; header_4_text_align_phone=&#8221;center&#8221; header_4_text_align_last_edited=&#8221;on|phone&#8221; global_colors_info=&#8221;{}&#8221; sticky_enabled=&#8221;0&#8243;]<\/p>\n<h4>IC Scoring &#8211; Apresenta\u00e7\u00e3o:<\/h4>\n<p>[\/et_pb_text][\/et_pb_column][et_pb_column type=&#8221;1_2&#8243; _builder_version=&#8221;4.16&#8243; custom_padding=&#8221;|||&#8221; global_colors_info=&#8221;{}&#8221; custom_padding__hover=&#8221;|||&#8221;][et_pb_text _builder_version=&#8221;4.25.2&#8243; text_font=&#8221;||||||||&#8221; text_line_height=&#8221;1.8em&#8221; link_font=&#8221;||||||||&#8221; link_text_color=&#8221;#4646c4&#8243; header_font=&#8221;||||||||&#8221; header_text_color=&#8221;#34abd6&#8243; header_3_font=&#8221;Merriweather|700|||||||&#8221; header_3_line_height=&#8221;1.3em&#8221; header_4_text_align=&#8221;left&#8221; custom_margin=&#8221;0px||0px||false|false&#8221; custom_padding=&#8221;0px||0px||false|false&#8221; header_4_text_align_tablet=&#8221;center&#8221; header_4_text_align_phone=&#8221;center&#8221; header_4_text_align_last_edited=&#8221;on|phone&#8221; global_colors_info=&#8221;{}&#8221;]<\/p>\n<h4><a href=\"http:\/\/gfic.icaa.pt\/wp-content\/uploads\/sites\/4\/2024\/07\/GFIC-2019-IC-Scoring.pdf\" target=\"_blank\" rel=\"noopener\"><span style=\"color: #34abd6;\">Download<\/span><\/a><\/h4>\n<p>[\/et_pb_text][\/et_pb_column][\/et_pb_row][\/et_pb_section]<\/p>\n","protected":false},"excerpt":{"rendered":"<p>Proceedings da Confer\u00eanciaGFIC 2019 &#8211; Proceedings of the 2nd Global Forum of Intellectual Capital, ed. Florinda Matos, ISCTE-IUL. ISBN: 978-989-781-144-9<a href=\"https:\/\/gfic.icaa.pt\/wp-content\/uploads\/sites\/4\/2024\/07\/GFIC-2019-Conference-Proceedings.pdf\" class=\"pdfemb-viewer\" style=\"\" data-width=\"max\" data-height=\"max\" data-toolbar=\"bottom\" data-toolbar-fixed=\"off\">GFIC-2019-Conference-Proceedings<\/a>Apresenta\u00e7\u00f5es e Outras Publica\u00e7\u00f5esRevista &#8220;M\u00e1tria Digital&#8221;:DownloadAndr\u00e9s Barreneche &#8211; Apresenta\u00e7\u00e3o:DownloadHelena Almeida &#8211; Apresenta\u00e7\u00e3o:DownloadLeif Edvinsson &#8211; Apresenta\u00e7\u00e3o:DownloadDownloadLudo Pyis &#8211; Apresenta\u00e7\u00e3o:DownloadIC Scoring &#8211; Apresenta\u00e7\u00e3o:Download<\/p>","protected":false},"author":1,"featured_media":0,"parent":0,"menu_order":0,"comment_status":"closed","ping_status":"closed","template":"","meta":{"_et_pb_use_builder":"on","_et_pb_old_content":"<!-- wp:divi\/placeholder \/-->","_et_gb_content_width":"","footnotes":""},"class_list":["post-133","page","type-page","status-publish","hentry"],"aioseo_notices":[],"_links":{"self":[{"href":"https:\/\/gfic.icaa.pt\/en\/wp-json\/wp\/v2\/pages\/133","targetHints":{"allow":["GET"]}}],"collection":[{"href":"https:\/\/gfic.icaa.pt\/en\/wp-json\/wp\/v2\/pages"}],"about":[{"href":"https:\/\/gfic.icaa.pt\/en\/wp-json\/wp\/v2\/types\/page"}],"author":[{"embeddable":true,"href":"https:\/\/gfic.icaa.pt\/en\/wp-json\/wp\/v2\/users\/1"}],"replies":[{"embeddable":true,"href":"https:\/\/gfic.icaa.pt\/en\/wp-json\/wp\/v2\/comments?post=133"}],"version-history":[{"count":10,"href":"https:\/\/gfic.icaa.pt\/en\/wp-json\/wp\/v2\/pages\/133\/revisions"}],"predecessor-version":[{"id":361,"href":"https:\/\/gfic.icaa.pt\/en\/wp-json\/wp\/v2\/pages\/133\/revisions\/361"}],"wp:attachment":[{"href":"https:\/\/gfic.icaa.pt\/en\/wp-json\/wp\/v2\/media?parent=133"}],"curies":[{"name":"wp","href":"https:\/\/api.w.org\/{rel}","templated":true}]}}